{"id":127,"date":"2008-08-05T12:11:14","date_gmt":"2008-08-05T09:11:14","guid":{"rendered":"https:\/\/versme.net\/blog\/?page_id=127"},"modified":"2015-04-23T15:03:32","modified_gmt":"2015-04-23T13:03:32","slug":"straipsniai","status":"publish","type":"page","link":"https:\/\/versme.net\/blog\/straipsniai\/","title":{"rendered":"Straipsniai"},"content":{"rendered":"<div><img decoding=\"async\" src=\"\/\/versme.net\/blog\/wp-content\/uploads\/2008\/08\/feed-icon16x16.png\" border=\"0\" alt=\"RSS ikona\" \/> RSS srautas.<\/div>\n<p>2010 m. sausio 13 d. &#8211; <a href=\"http:\/\/www.alfa.lt\/straipsnis\/10309093\/\">Naujasis dviauk\u0161tis traukinys nuolat genda<\/a> &#8211; <a href=\"http:\/\/www.alfa.lt\">Alfa.lt<\/a><br \/>\n2010 m. sausio 13 d. &#8211; <a href=\"https:\/\/versme.net\/blog\/keliavimas-traukiniais-su-kompiuteriu-neprailgs\/\">Keliavimas traukiniais su kompiuteriu neprailgs<\/a> &#8211; <em><a href=\"https:\/\/versme.net\">Versme.net<\/a><\/em><br \/>\n2010 m. sausio 13 d. &#8211; <a href=\"https:\/\/versme.net\/blog\/interneto-dalybos-per-wifi-su-joikuspot-light-tiesiog-is-symbian-telefono\/\">Interneto dalybos per WiFi su JoikuSpot Light tiesiog i\u0161 Symbian telefono<\/a> &#8211; <em><a href=\"https:\/\/versme.net\">Versme.net<\/a><\/em><br \/>\n2010 m. sausio 3 d. &#8211; <a href=\"https:\/\/versme.net\/blog\/ka-daryti-kai-leteja-kompiuteris-su-windows-os\/\">K\u0105 daryti kai l\u0117t\u0117ja kompiuteris su Windows OS?<\/a> &#8211; <em><a href=\"https:\/\/versme.net\">Versme.net<\/a><\/em><br \/>\n2010 m. sausio 1 d. &#8211; <a href=\"https:\/\/versme.net\/blog\/virtualbox-atnaujinimas-archlinux-sistemoje\/\">VirtualBox paleidimas po ArchLinux branduolio atnaujinimo<\/a> &#8211; <em><a href=\"https:\/\/versme.net\">Versme.net<\/a><\/em><br \/>\n2009 m. gruod\u017eio 28 d. &#8211; <a href=\"https:\/\/versme.net\/blog\/kaip-istrinti-neistrinamaneperkeliama-faila-windows-sistemoje\/\">Kaip i\u0161trinti nei\u0161trinam\u0105\/neperkeliam\u0105 fail\u0105 Windows sistemoje?<\/a> &#8211; <em><a href=\"https:\/\/versme.net\">Versme.net<\/a><\/em><br \/>\n2009 m. gruod\u017eio 28 d. &#8211; <a href=\"https:\/\/versme.net\/blog\/asus-ux30-pigesnis-macbook-air-brolis\/\">Asus UX30 \u2013 pigesnis MacBook Air brolis<\/a> &#8211; <em><a href=\"https:\/\/versme.net\">Versme.net<\/a><\/em><br \/>\n2009 m. gruod\u017eio 12 d. &#8211; <a href=\"https:\/\/versme.net\/blog\/gyvename-europos-sajungoje-naudokimes-2-metu-garantija-visiems-produktams\/\">Gyvename Europos S\u0105jungoje! Naudokim\u0117s 2 met\u0173 garantija visiems produktams<\/a> &#8211; <em><a href=\"https:\/\/versme.net\">Versme.net<\/a><\/em><br \/>\n2009 m. gruod\u017eio 7 d. &#8211; <a href=\"https:\/\/versme.net\/blog\/hp-compaq-615-pigu-bet-neverta\/\">HP Compaq 615 \u2013 pigu, bet neverta<\/a> &#8211; <em><a href=\"https:\/\/versme.net\">Versme.net<\/a><\/em><br \/>\n2009 m. lapkri\u010dio 25 d. &#8211; <a href=\"https:\/\/versme.net\/blog\/ping-fm-ir-blake-lt-integracija-per-5-minutes\/\">Ping.fm ir Blake.lt integracija per 5 minutes<\/a> &#8211; <em><a href=\"https:\/\/versme.net\">Versme.net<\/a><\/em><br \/>\n2009 m. lapkri\u010dio 20 d. &#8211; <a href=\"https:\/\/versme.net\/blog\/chromium-os-ne-tik-narsykle-bet-ir-os-kaip-parsisiusti-ir-isbandyti\/\">Chromium OS \u2013 ne tik nar\u0161ykl\u0117, bet ir OS. Kaip parsisi\u0173sti ir i\u0161bandyti.<\/a> &#8211; <em><a href=\"https:\/\/versme.net\">Versme.net<\/a><\/em><br \/>\n2009 m. lapkri\u010dio 5 d. &#8211; <a href=\"https:\/\/versme.net\/blog\/nokia-e66-brangus-zaisliukas-verslui\/\">Nokia E66 \u2013 brangus \u017eaisliukas verslui<\/a> &#8211; <em><a href=\"https:\/\/versme.net\">Versme.net<\/a><\/em><br \/>\n2009 m. lapkri\u010dio 1 d. &#8211; <a href=\"https:\/\/versme.net\/blog\/su-kuo-valgyti-google-wave\/\">Su kuo valgyti Google Wave?<\/a> &#8211; <em><a href=\"https:\/\/versme.net\">Versme.net<\/a><\/em><br \/>\n2009 m. lapkri\u010dio 1 d. &#8211; <a href=\"https:\/\/versme.net\/blog\/3g-ijungti-ar-isjungti\/\">3G \u2013 \u012fjungti ar i\u0161jungti?<\/a> &#8211; <em><a href=\"https:\/\/versme.net\">Versme.net<\/a><\/em><br \/>\n2009 m. spalio 30 d. &#8211; <a href=\"https:\/\/versme.net\/blog\/?p=1623\">Logitech RX1500 \u2013 pigi ir prakti\u0161ka lazerin\u0117 pel\u0117<\/a> &#8211; <em><a href=\"https:\/\/versme.net\">Versme.net<\/a><\/em><br \/>\n2009 m. spalio 29 d. &#8211; <a href=\"https:\/\/versme.net\/blog\/?p=1260\">Microlab FC-550 kolon\u0117l\u0117s \u2013 gera kaina ir kokyb\u0117 u\u017e prastai \u017einomo vardo<\/a> &#8211; <em><a href=\"https:\/\/versme.net\">Versme.net<\/a><\/em><br \/>\n2009 m. spalio 22 d. &#8211; <a href=\"http:\/\/www.mokyklosfrontas.lt\/index.php?id=675\">Greitasis skaitymas &#8211; kas tai?<\/a> &#8211; <a href=\"http:\/\/www.mokyklosfrontas.lt\/\">Mokyklos Frontas<\/a><br \/>\n2009 m. spalio 18 d. &#8211; <a href=\"https:\/\/versme.net\/blog\/?p=1760\">Sinchronizuojame telefon\u0105 su Google Calendar ir Contacts be program\u0173<\/a> &#8211; <em><a href=\"https:\/\/versme.net\">Versme.net<\/a><\/em><br \/>\n2009 m. spalio 12 d. &#8211; <a href=\"https:\/\/versme.net\/blog\/?p=1712\">Omnitel muzikos grotuvas \u2013 \u201elietuvi\u0161kasis\u201c iTunes<\/a> &#8211; <em><a href=\"https:\/\/versme.net\">Versme.net<\/a><\/em><br \/>\n2009 m. spalio 10 d. &#8211; <a href=\"http:\/\/www.lrytas.lt\/-12551802191254419476-mikrotinklara%C5%A1%C4%8Diai-kas-tai.htm\">Mikrotinklara\u0161\u010diai &#8211; kas tai?<\/a> &#8211; <a href=\"http:\/\/www.lrytas.lt\"><em>Lietuvos Rytas<\/em><\/a><br \/>\n2009 m. spalio 10 d. &#8211; <a href=\"http:\/\/www.mokyklosfrontas.lt\/index.php?id=668\">Talent\u0173 tipai arba kaip man mokytis?<\/a> &#8211; <a href=\"http:\/\/www.mokyklosfrontas.lt\/\">Mokyklos Frontas<\/a><br \/>\n2009 m. rugs\u0117jo 8 d. &#8211; <a href=\"https:\/\/versme.net\/blog\/?p=1559\">UAB \u201eInterneto Vizija\u201c kei\u010dia senuosius planus \u012f naujuosius<\/a> &#8211; <em><a href=\"https:\/\/versme.net\">Versme.net<\/a><\/em><br \/>\n2009 m. rugpj\u016b\u010dio 23 d. &#8211; <a href=\"https:\/\/versme.net\/blog\/?p=1375\">Kod\u0117l Lietuvoje MPT neblokuos Skype?<\/a> &#8211; <em><a href=\"https:\/\/versme.net\">Versme.net<\/a><\/em><br \/>\n2009 m. rugpj\u016b\u010dio 7 d. &#8211; <a href=\"https:\/\/versme.net\/blog\/?p=1422\">Ar i\u0161 ties\u0173 naujoji Windows 7 spartesn\u0117?<\/a> &#8211; <em><a href=\"https:\/\/versme.net\">Versme.net<\/a><\/em><br \/>\n2009 m. liepos 27 d. &#8211; <a href=\"https:\/\/versme.net\/blog\/?p=1309\">Nokia Sports Tracker \u2013 sekit savo kelius telefone ir kompiuteryje<\/a> &#8211; <em><a href=\"https:\/\/versme.net\">Versme.net<\/a><\/em><br \/>\n2009 m. bir\u017eelio 8 d. &#8211; <a href=\"https:\/\/versme.net\/blog\/?p=1265\">Asmeniniai \u012fsp\u016bd\u017eiai i\u0161 Login 2009<\/a> &#8211; <em><a href=\"https:\/\/versme.net\">Versme.net<\/a><\/em><br \/>\n2009 m. gegu\u017e\u0117s 11 d. &#8211; <a href=\"https:\/\/versme.net\/blog\/?p=1257\">Koss The Plug ausin\u0117s<\/a> &#8211; <em><a href=\"https:\/\/versme.net\">Versme.net<\/a><\/em><br \/>\n2009 m. kovo 15 d. &#8211; <a href=\"https:\/\/versme.net\/blog\/?p=1174\">Pirmieji \u012fsp\u016bd\u017eiai i\u0161 Windows 7<\/a> &#8211; <em><a href=\"https:\/\/versme.net\">Versme.net<\/a><\/em><br \/>\n2009 m. kovo 15 d. &#8211; <a href=\"https:\/\/versme.net\/blog\/?p=1240\">Konfig\u016bruojame tinklo plok\u0161t\u0119 Debian ir Gentoo sistemose<\/a> &#8211; <em><a href=\"https:\/\/versme.net\">Versme.net<\/a><\/em><br \/>\n2009 m. kovo 15 d. &#8211; <a href=\"https:\/\/versme.net\/blog\/?p=1242\">Kompiliuojame Fluxbox i\u0161 GIT greitai ir paprastai<\/a> &#8211; <em><a href=\"https:\/\/versme.net\">Versme.net<\/a><\/em><br \/>\n2009 m. vasario 28 d. &#8211; <a href=\"https:\/\/versme.net\/blog\/?p=1221\">Atsisakome speciali\u0173j\u0173 FeedBurner nuorod\u0173<\/a> &#8211; <em><a href=\"https:\/\/versme.net\">Versme.net<\/a><\/em><br \/>\n2009 m. vasario 28 d. &#8211; <a href=\"https:\/\/versme.net\/blog\/?p=54\">\u201eLow-level\u201c formatavimas i\u0161 Linux<\/a> &#8211; <em><a href=\"https:\/\/versme.net\">Versme.net<\/a><\/em><br \/>\n2009 m. vasario 21 d. &#8211; <a href=\"https:\/\/versme.net\/blog\/?p=1178\">Sekite Twitter atsakymus per SMS nemokamai<\/a> &#8211; <em><a href=\"https:\/\/versme.net\">Versme.net<\/a><\/em><br \/>\n2009 m. vasario 15 d. &#8211; <a href=\"https:\/\/versme.net\/blog\/?p=1130\">Pa\u017ei\u016br\u0117k \u012f Linux procesus kitaip su \u201ehtop\u201c<\/a> &#8211; <em><a href=\"https:\/\/versme.net\">Versme.net<\/a><\/em><br \/>\n2009 m. vasario 1 d. &#8211; <a href=\"https:\/\/versme.net\/blog\/?p=1102\">Film\u0173 rodymas tiesiai i\u0161 RAR archyv\u0173<\/a> &#8211; <em><a href=\"https:\/\/versme.net\">Versme.net<\/a><\/em><br \/>\n2009 m. sausio 24 d. &#8211; <a href=\"https:\/\/versme.net\/blog\/?p=1058\">TiddlyWiki &#8211; kas tai ir kam man?<\/a> &#8211; <em><a href=\"https:\/\/versme.net\">Versme.net<\/a><\/em><br \/>\n2009 m. sausio 11 d. &#8211; <a href=\"https:\/\/versme.net\/blog\/?p=988\">SSH tuneliai paprastai<\/a> &#8211; <em><a href=\"https:\/\/versme.net\">Versme.net<\/a><\/em><br \/>\n2009 m. sausio 10 d. &#8211; <a href=\"https:\/\/versme.net\/blog\/?p=983\">Parsisi\u0173skime Windows 7 Beta ir i\u0161bandykime<\/a> &#8211; <em><a href=\"https:\/\/versme.net\">Versme.net<\/a><\/em><br \/>\n2008 m. gruod\u017eio 30 d. &#8211; <a href=\"https:\/\/versme.net\/blog\/?p=967\">Ne\u0161iojam\u0173j\u0173 kompiuteri\u0173 baterijos steb\u0117jimo program\u0117l\u0117<\/a> &#8211; <em><a href=\"https:\/\/versme.net\">Versme.net<\/a><\/em><br \/>\n2008 m. gruod\u017eio 30 d. &#8211; <a href=\"https:\/\/versme.net\/blog\/?p=950\">Pirmieji \u012fsp\u016bd\u017eiai i\u0161 Linux 2.6.28<\/a> &#8211; <em><a href=\"https:\/\/versme.net\">Versme.net<\/a><\/em><br \/>\n2008 m. gruod\u017eio 30 d. &#8211; <a href=\"https:\/\/versme.net\/blog\/?p=958\">MP3 palaikymo Fedora sistemoje \u012fdiegimas<\/a> &#8211; <em><a href=\"https:\/\/versme.net\">Versme.net<\/a><\/em><br \/>\n2008 m. gruod\u017eio 21 d. &#8211; <a href=\"https:\/\/versme.net\/blog\/?p=925\">Kod\u0117l tur\u0117tume laukti sekan\u010dios WordPress versijos?<\/a> &#8211; <em><a href=\"https:\/\/versme.net\">Versme.net<\/a><\/em><br \/>\n2008 m. gruod\u017eio 21 d. &#8211; <a href=\"https:\/\/versme.net\/blog\/?p=916\">Java priedas Linux nar\u0161ykl\u0117m 64-bit\u2019\u0173 platformose<\/a> &#8211; <em><a href=\"https:\/\/versme.net\">Versme.net<\/a><\/em><br \/>\n2008 m. gruod\u017eio 21 d. &#8211; <a href=\"https:\/\/versme.net\/blog\/?p=815\">Keletas puiki\u0173 ekrano u\u017eskland\u0173<\/a> &#8211; <em><a href=\"https:\/\/versme.net\">Versme.net<\/a><\/em><br \/>\n2008 m. gruod\u017eio 14 d. &#8211; <a href=\"https:\/\/versme.net\/blog\/?p=877\">A4Tech 2X Traveller AK-6D pel\u0117<\/a> &#8211; <em><a href=\"https:\/\/versme.net\">Versme.net<\/a><\/em><br \/>\n2008 m. gruod\u017eio 14 d. &#8211; <a href=\"https:\/\/versme.net\/blog\/?p=853\">ACME KM02 Slim Full Size Multimedia klaviat\u016bra<\/a> &#8211; <em><a href=\"https:\/\/versme.net\">Versme.net<\/a><\/em><br \/>\n2008 m. gruod\u017eio 7 d. &#8211; <a href=\"https:\/\/versme.net\/blog\/?p=805\">Spausdinimas per CUPS i\u0161 MS Windows sistem\u0173<\/a> &#8211; <em><a href=\"https:\/\/versme.net\">Versme.net<\/a><\/em><br \/>\n2008 m. lapkri\u010dio 2 d. &#8211; <a href=\"https:\/\/versme.net\/blog\/?p=723\">Interneto naudotoj\u0173 statistikos globalumas<\/a> &#8211; <em><a href=\"https:\/\/versme.net\">Versme.net<\/a><\/em><br \/>\n2008 m. spalio 27 d. &#8211; <a href=\"https:\/\/versme.net\/blog\/?p=670\">Gentoo rsync serverio k\u016brimas<\/a> &#8211; <em><a href=\"https:\/\/versme.net\">Versme.net<\/a><\/em><br \/>\n2008 m. spalio 26 d. &#8211; <a href=\"https:\/\/versme.net\/blog\/?p=663\">NumLock \u012fjungimas<\/a> &#8211; <em><a href=\"https:\/\/versme.net\">Versme.net<\/a><\/em><br \/>\n2008 m. spalio 24 d. &#8211; <a href=\"https:\/\/versme.net\/blog\/?p=648\">Google Android SDK i\u0161bandymas Ubuntu sistemoje<\/a> &#8211; <em><a href=\"https:\/\/versme.net\">Versme.net<\/a><\/em><br \/>\n2008 m. spalio 24 d. &#8211; <a href=\"https:\/\/versme.net\/blog\/?p=622\">Flash Player 10 diegimas Ubuntu sistemoje<\/a> &#8211; <em><a href=\"https:\/\/versme.net\">Versme.net<\/a><\/em><br \/>\n2008 m. spalio 11 d. &#8211; <a href=\"https:\/\/versme.net\/blog\/?p=585\">Pigus CD\/DVD ar kit\u0173 disk\u0173 vokas<\/a> &#8211; <em><a href=\"https:\/\/versme.net\">Versme.net<\/a><\/em><br \/>\n2008 m. rugs\u0117jo 28 d. &#8211; <a href=\"https:\/\/versme.net\/blog\/?p=515\">Ne\u0161iojam\u0173j\u0173 kompiuteri\u0173 klaviat\u016br\u0173 mygtuk\u0173 nu\u0117mimas ir u\u017ed\u0117jimas<\/a> &#8211; <em><a href=\"https:\/\/versme.net\">Versme.net<\/a><\/em><br \/>\n2008 m. rugs\u0117jo 22 d. &#8211; <a href=\"http:\/\/www.elektronika.lt\/tips\/theme\/191\/13230\/\">Informacijos pasl\u0117pimas paveiksl\u0117lyje<\/a> &#8211; <a href=\"http:\/\/kompiuterija.lrytas.lt\/\"><em>Lietuvos Ryto \u201eKompiuterija\u201c<\/em><\/a><br \/>\n2008 m. rugs\u0117jo 21 d. &#8211; <a href=\"https:\/\/versme.net\/blog\/?p=440\">Twitter statuso atnaujinimas naudojant Opera adreso juostel\u0119<\/a> &#8211; <em><a href=\"https:\/\/versme.net\">Versme.net<\/a><\/em><br \/>\n2008 m. rugs\u0117jo 13 d. &#8211; <a href=\"https:\/\/versme.net\/blog\/?p=171\">Kaip dirbti su Opera Personal Bar (\u017eymeli\u0173 \u012franki\u0173 juosta)<\/a> &#8211; <em><a href=\"https:\/\/versme.net\">Versme.net<\/a><\/em><br \/>\n2008 m. rugs\u0117jo 11 d. &#8211; <a href=\"https:\/\/versme.net\/blog\/?p=318\">\u201eChromium\u201c kompiliavimas Linux sistemose<\/a> &#8211; <em><a href=\"https:\/\/versme.net\">Versme.net<\/a><\/em><br \/>\n2008 m. rugpj\u016b\u010dio 20 d. &#8211; <a href=\"https:\/\/versme.net\/blog\/?p=257\">K\u0105 reik\u0117t\u0173 \u017einoti apie duomen\u0173 i\u0161siuntim\u0105 \u201etorrent\u201c tinkluose?<\/a> &#8211; <em><a href=\"https:\/\/versme.net\">Versme.net<\/a><\/em><br \/>\n2008 m. rugpj\u016b\u010dio 19 d. &#8211; <a href=\"https:\/\/versme.net\/blog\/?p=232\">Pauk\u0161tis po Opera sparnu<\/a> &#8211; <em><a href=\"https:\/\/versme.net\">Versme.net<\/a><\/em><br \/>\n2008 m. rugpj\u016b\u010dio 10 d. &#8211; <a href=\"https:\/\/versme.net\/blog\/?p=163\">Microsoft Office 2007 XPS ir PDF palaikymas be legalumo patvirtinimo<\/a> &#8211; <em><a href=\"https:\/\/versme.net\">Versme.net<\/a><\/em><br \/>\n2008 m. rugpj\u016b\u010dio 9 d. &#8211; <a href=\"https:\/\/versme.net\/blog\/?p=154\">MacOS X Leopard ant VMware ap\u017evalga<\/a> &#8211; <em><a href=\"https:\/\/versme.net\">Versme.net<\/a><\/em><br \/>\n2008 m. rugpj\u016b\u010dio 8 d. &#8211; <a href=\"http:\/\/www.elektronika.lt\/tips\/theme\/191\/12617\/\">Dviej\u0173 kompiuteri\u0173 sujungimas tinklo kabeliu<\/a> &#8211; <a href=\"http:\/\/kompiuterija.lrytas.lt\/\"><em>Lietuvos Ryto \u201eKompiuterija\u201c<\/em><\/a><br \/>\n2008 m. rugpj\u016b\u010dio 5 d. &#8211; <a href=\"https:\/\/versme.net\/blog\/?p=134\">Patarimas: kaip greitai surasti produkto logotip\u0105<\/a> &#8211; <em><a href=\"https:\/\/versme.net\">Versme.net<\/a><\/em><br \/>\n2008 m. liepos 30 d. &#8211; <a href=\"https:\/\/versme.net\/blog\/?p=93\">Patarimas: \u201eWinamp\u201c naudotojai nesivarginkit \u012fvesdin\u0117ti informacijos<\/a> &#8211; <em><a href=\"https:\/\/versme.net\">Versme.net<\/a><\/em><br \/>\n2008 m. liepos 19 d. &#8211; <a href=\"https:\/\/versme.net\/blog\/?p=72\">\u201eE5\u201c valymo servet\u0117l\u0117s<\/a> &#8211; <em><a href=\"https:\/\/versme.net\">Versme.net<\/a><\/em><br \/>\n2008 m. liepos 18 d. &#8211; <a href=\"https:\/\/versme.net\/blog\/?p=25\">MagicMail Monitor &#8211; nemokama POP3 pa\u0161to d\u0117\u017eu\u010di\u0173 steb\u0117toja<\/a> &#8211; <em><a href=\"https:\/\/versme.net\">Versme.net<\/a><\/em><br \/>\n2008 m. liepos 17 d. &#8211; <a href=\"https:\/\/versme.net\/blog\/?p=23\">FTP serverio katalog\u0173 primontavimas Linux sistemose<\/a> &#8211; <em><a href=\"https:\/\/versme.net\">Versme.net<\/a><\/em><br \/>\n2008 m. liepos 16 d. &#8211; <a href=\"https:\/\/versme.net\/blog\/?p=15\">Skype instaliavimas Ubuntu\/Kubuntu ir kt. Debian paremtose sistemose<\/a> &#8211; <em><a href=\"https:\/\/versme.net\">Versme.net<\/a><\/em><br \/>\n2008 m. liepos 15 d. &#8211; <a href=\"https:\/\/versme.net\/blog\/?p=12\">GNOME Commander &#8211; Total Commander analogas Linux\u2019ui<\/a> &#8211; <em><a href=\"https:\/\/versme.net\">Versme.net<\/a><\/em><br \/>\n2008 m. liepos 11 d. &#8211; <a href=\"https:\/\/versme.net\/blog\/?p=8\">OpenOffice.org greitesnis pasileidimas<\/a> &#8211; <em><a href=\"https:\/\/versme.net\">Versme.net<\/a><\/em><br \/>\n2008 m. liepos 11 d. &#8211; <a href=\"https:\/\/versme.net\/blog\/?p=7\">\u201eAcme cleaning Tissues\u201c are good issues to clean up<\/a> &#8211; <em><a href=\"https:\/\/versme.net\">Versme.net<\/a><\/em><br \/>\n2008 m. liepos 11 d. &#8211; <a href=\"https:\/\/versme.net\/blog\/?p=4\">Audacious &#8211; tavo muzika, tavo kelias, joki\u0173 i\u0161im\u010di\u0173<\/a> &#8211; <em><a href=\"https:\/\/versme.net\">Versme.net<\/a><\/em><br \/>\n2008 m. liepos 11 d. &#8211; <a href=\"https:\/\/versme.net\/blog\/?p=3\">Java instaliavimas Ubuntu 7.10 Gutsy Firefox<\/a> &#8211; <em><a href=\"https:\/\/versme.net\">Versme.net<\/a><\/em><br \/>\n2008 m. bir\u017eelio 27 d. &#8211; <a href=\"http:\/\/computerbild.veidas.lt\/forumas\/viewtopic.php?p=124885#p124885\">Ericsson HM210d\/Lucent Cell 22A-GX-E (LAN; RJ-45) modemo konfig\u016bravimas<\/a> &#8211; <em><a href=\"http:\/\/computerbild.veidas.lt\/forumas\">ComputerBild forumas<\/a><\/em><br \/>\n2007 m. lapkri\u010dio 14 d. &#8211; <a href=\"https:\/\/versme.net\/blog\/skype-2013-the-great-revolution\/\">Skype 2.0.0.13 &#8211; the Great Revolution<\/a> &#8211; <a href=\"http:\/\/boom.lt\"><em>bOOm.lt<\/em><\/a><br \/>\n2007 m. rugs\u0117jo 28 d. &#8211; <a href=\"https:\/\/versme.net\/blog\/amaze-keliautoju-draugas\/\">amAze &#8211; keliautoj\u0173 draugas<\/a> &#8211; <a href=\"http:\/\/boom.lt\"><em>bOOm.lt<\/em><\/a><br \/>\n2007 m. spalio 3 d. &#8211; <a href=\"https:\/\/versme.net\/blog\/lietuviskai-rasykime-zymiai-sparciau-su-lekp\/\">Lietuvi\u0161kai ra\u0161ykime \u017eymiai spar\u010diau su LEKP<\/a> &#8211; <a href=\"http:\/\/pixel.lt\"><em>Pixel.lt<\/em><\/a><br \/>\n2007 m. baland\u017eio 23 d &#8211; <a href=\"https:\/\/versme.net\/blog\/paprastas-ir-lengvas-pasto-klientas-sylpheed-claws\/\">Paprastas ir lengvas pa\u0161to klientas Sylpheed Claws<\/a> &#8211; <a href=\"http:\/\/boom.lt\"><em>bOOm.lt<\/em><\/a><br \/>\n2007 m. baland\u017eio 21 d. &#8211; <a href=\"http:\/\/web.archive.org\/web\/20080214205341\/boom.lt\/always-on-top-maker-islaikykite-langus-virsuje.html\">Always On Top Maker &#8211; i\u0161laikykite langus vir\u0161uje<\/a> &#8211; <a href=\"http:\/\/boom.lt\"><em>bOOm.lt<\/em><\/a><br \/>\n2007 m. baland\u017eio 17 d. &#8211; <a href=\"https:\/\/versme.net\/blog\/proftpd-serveris-gentoo-sistemoje\">ProFTPD serveris Gentoo sistemoje<\/a> &#8211; <a href=\"http:\/\/pixel.lt\"><em>Pixel.lt<\/em><\/a><br \/>\n2007 m. baland\u017eio 17 d. &#8211; <a href=\"http:\/\/web.archive.org\/web\/20080214205345\/boom.lt\/netpersec-%E2%80%93-tinklo-srauto-stebejimas.html\">NetPerSec \u2013 Tinklo srauto steb\u0117jimas<\/a> &#8211; <a href=\"http:\/\/boom.lt\"><em>bOOm.lt<\/em><\/a><br \/>\n2007 m. baland\u017eio 15 d. &#8211; <a href=\"https:\/\/versme.net\/blog\/wmweather-ir-wmweather-programeles\/\">WMWeather ir WMWeather+ program\u0117l\u0117s<\/a> &#8211; <a href=\"http:\/\/boom.lt\"><em>bOOm.lt<\/em><\/a><br \/>\n2007 m. kovo 19 d. &#8211; <a href=\"http:\/\/pixel.lt\/proxy-serveris-webmailui.html\">Proxy serveris webmail\u2019ui<\/a> &#8211; <a href=\"http:\/\/pixel.lt\"><em>Pixel.lt<\/em><\/a><br \/>\n2007 m. vasario 20 d. &#8211; <a href=\"http:\/\/pixel.lt\/dirbame-su-grub.html\">Dirbame su GRUB<\/a> &#8211; <a href=\"http:\/\/pixel.lt\"><em>Pixel.lt<\/em><\/a><br \/>\n2007 m. vasario 16 d. &#8211; <a href=\"http:\/\/pixel.lt\/iptables-naudojimas.html\">IPTABLES naudojimas<\/a> &#8211; <a href=\"http:\/\/pixel.lt\"><em>Pixel.lt<\/em><\/a><br \/>\n2007 m. vasario 12 d. &#8211; <a href=\"http:\/\/pixel.lt\/tightvnc-windowsgentoo-sistemose.html\">TightVNC Windows\/Gentoo sistemose<\/a> &#8211; <a href=\"http:\/\/pixel.lt\"><em>Pixel.lt<\/em><\/a><br \/>\n2007 m. vasario 7 d. &#8211; <a href=\"http:\/\/pixel.lt\/instaliuojame-samba-gentoo-sistemoje.html\">Instaliuojame SAMBA Gentoo sistemoje<\/a> &#8211; <a href=\"http:\/\/pixel.lt\"><em>Pixel.lt<\/em><\/a><br \/>\n2007 m. vasario 6 d. &#8211; <a href=\"http:\/\/pixel.lt\/instaliuojame-cups-ir-hp-laserjet-10xx-spausdintuva-gentoo-sistemoje.html\">Instaliuojame CUPS ir HP LaserJet 10xx spausdintuv\u0105 Gentoo sistemoje<\/a> &#8211; <a href=\"http:\/\/pixel.lt\"><em>Pixel.lt<\/em><\/a><br \/>\n2007 m. vasario 1 d. &#8211; <a href=\"http:\/\/pixel.lt\/ttf-sriftai-gentoo-sistemoje.html\">TTF \u0161riftai Gentoo sistemoje<\/a> &#8211; <a href=\"http:\/\/pixel.lt\"><em>Pixel.lt<\/em><\/a><br \/>\n2007 m. sausio 31 d. &#8211; <a href=\"http:\/\/pixel.lt\/xgl-gentoo-sistemoje-nvidia.html\">XGL Gentoo sistemoje (NVIDIA)<\/a> &#8211; <a href=\"http:\/\/pixel.lt\"><em>Pixel.lt<\/em><\/a><br \/>\n2006 m. gruod\u017eio 4 d. &#8211; <a href=\"http:\/\/pixel.lt\/pixelview-playtv-pro-2-naudojimasis-linuxe.html\">PixelView PlayTV Pro 2 naudojimasis Linux\u2019e<\/a> &#8211; <a href=\"http:\/\/pixel.lt\"><em>Pixel.lt<\/em><\/a><br \/>\n2006 m. gruod\u017eio 1 d. &#8211; <a href=\"http:\/\/pixel.lt\/adsl-technologija-ir-apie-ja.html\">ADSL technologija ir apie j\u0105<\/a> &#8211; <a href=\"http:\/\/pixel.lt\"><em>Pixel.lt<\/em><\/a><br \/>\n2006 m. rugs\u0117jo 26 d. &#8211; <a href=\"http:\/\/pixel.lt\/darom-ubuntu-tinkanti-naudotis-media-ir-atnaujinam-repositories.html\">Darom Ubuntu tinkant\u012f naudotis media ir atnaujinam repositories<\/a> &#8211; <a href=\"http:\/\/pixel.lt\"><em>Pixel.lt<\/em><\/a><br \/>\n2006 m. rugs\u0117jo 20 d. &#8211; <a href=\"http:\/\/pixel.lt\/gentoo-idiegimas.html\">Gentoo \u012fdiegimas<\/a> &#8211; <a href=\"http:\/\/pixel.lt\"><em>Pixel.lt<\/em><\/a><br \/>\n2006 m. rugs\u0117jo 16 d. &#8211; <a href=\"http:\/\/pixel.lt\/kaip-dirbti-su-fdisk.html\">Kaip dirbti su fdisk?<\/a> &#8211; <a href=\"http:\/\/pixel.lt\"><em>Pixel.lt<\/em><\/a><br \/>\n2006 m. rugpj\u016b\u010dio 22 d. &#8211; <a href=\"http:\/\/pixel.lt\/nuskaitome-ffsa-windows-sistemoje.html\">Nuskaitome FFS\u2019\u0105 Windows sistemoje<\/a> &#8211; <a href=\"http:\/\/pixel.lt\"><em>Pixel.lt<\/em><\/a><br \/>\n2006 m. rugpj\u016b\u010dio 18 d. &#8211; <a href=\"http:\/\/pixel.lt\/skaitomeirasome-failus-is-ext2ext3-windows-nt402kxp-sistemose.html\">Skaitome\/\u012fra\u0161ome failus i\u0161 Ext2\/Ext3 Windows NT4.0\/2k\/XP sistemose<\/a> &#8211; <a href=\"http:\/\/pixel.lt\"><em>Pixel.lt<\/em><\/a><br \/>\n2006 m. liepos 22 d. &#8211; <a href=\"http:\/\/pixel.lt\/ka-daryti-jeigu-grubas-neranda-windows.html\">K\u0105 daryti jeigu GRUB\u2019as neranda Windows?<\/a> &#8211; <a href=\"http:\/\/pixel.lt\"><em>Pixel.lt<\/em><\/a><br \/>\n2006 m. liepos 21 d. &#8211; <a href=\"http:\/\/pixel.lt\/kaip-irasineti-skype-pokalbius.html\">Kaip \u012fra\u0161in\u0117ti Skype pokalbius?<\/a> &#8211; <a href=\"http:\/\/pixel.lt\"><em>Pixel.lt<\/em><\/a><br \/>\n2006 m. liepos 6 d. &#8211; <a href=\"http:\/\/pixel.lt\/kaip-instaliuoti-ubunt-510.html\">Kaip instaliuoti Ubuntu 5.10<\/a> &#8211; <a href=\"http:\/\/pixel.lt\"><em>Pixel.lt<\/em><\/a><br \/>\n2006 m. liepos 6 d. &#8211; <a href=\"http:\/\/computerbild.veidas.lt\/forumas\/viewtopic.php?f=3&amp;t=5\">Kaip i\u0161trint.\/perk. nei\u0161trin.\/neperkel. fail\u0105 Windows OS&#8217;e?<\/a> &#8211; <a href=\"http:\/\/computerbild.veidas.lt\/forumas\"><em>ComputerBild forumas<\/em><\/a><br \/>\n2006 m. liepos 6 d. &#8211; <a href=\"http:\/\/pixel.lt\/ka-daryti-kai-leteja-kompiuteris-su-windows-os.html\">K\u0105 daryti kai l\u0117t\u0117ja kompiuteris su Windows OS?<\/a> &#8211; <a href=\"http:\/\/pixel.lt\"><em>Pixel.lt<\/em><\/a><br \/>\n2006 m. liepos 6 d. &#8211; <a href=\"http:\/\/computerbild.lt\/forumas\/viewtopic.php?f=3&amp;t=6\">K\u0105 daryti kai kompiuteris sul\u0117t\u0117ja?<\/a> &#8211; <a href=\"http:\/\/computerbild.veidas.lt\/forumas\"><em>ComputerBild forumas<\/em><\/a><br \/>\n2006 m. bir\u017eelio 23 d. &#8211; <a href=\"http:\/\/pixel.lt\/atnaujinam-firefox-ubuntu-sistemoje.html\">Atnaujinam Firefox Ubuntu sistemoje<\/a> &#8211; <a href=\"http:\/\/pixel.lt\"><em>Pixel.lt<\/em><\/a><br \/>\n2006 m. bir\u017eelio 21 d. &#8211; <a href=\"http:\/\/pixel.lt\/grub-apsaugojimas.html\">GRUB apsaugojimas<\/a> &#8211; <a href=\"http:\/\/pixel.lt\"><em>Pixel.lt<\/em><\/a><br \/>\n2006 m. bir\u017eelio 8 d. &#8211; <a href=\"http:\/\/pixel.lt\/sudedame-keleta-programu-i-viena.html\">Sudedame kelet\u0105 program\u0173 \u012f vien\u0105<\/a> &#8211; <a href=\"http:\/\/pixel.lt\"><em>Pixel.lt<\/em><\/a><\/p>\n<p><strong><span style=\"color: #008000;\">Nor\u0117dami ie\u0161koti pagal pavadinim\u0105 naudokit\u0117s nar\u0161ykl\u0117s Ctrl+F funkcija.<\/span><\/strong><\/p>\n","protected":false},"excerpt":{"rendered":"<p>RSS srautas. 2010 m. sausio 13 d. &#8211; Naujasis dviauk\u0161tis traukinys nuolat genda &#8211; Alfa.lt 2010 m. sausio 13 d. &#8211; Keliavimas traukiniais su kompiuteriu neprailgs &#8211; Versme.net 2010 m. sausio 13 d. &#8211; Interneto dalybos per WiFi su JoikuSpot Light tiesiog i\u0161 Symbian telefono &#8211; Versme.net 2010 m. sausio 3 d. &#8211; K\u0105 daryti [&hellip;]<\/p>\n","protected":false},"author":1,"featured_media":0,"parent":0,"menu_order":0,"comment_status":"open","ping_status":"open","template":"","meta":{"footnotes":"","_links_to":"","_links_to_target":""},"class_list":["post-127","page","type-page","status-publish","hentry"],"_links":{"self":[{"href":"https:\/\/versme.net\/blog\/wp-json\/wp\/v2\/pages\/127","targetHints":{"allow":["GET"]}}],"collection":[{"href":"https:\/\/versme.net\/blog\/wp-json\/wp\/v2\/pages"}],"about":[{"href":"https:\/\/versme.net\/blog\/wp-json\/wp\/v2\/types\/page"}],"author":[{"embeddable":true,"href":"https:\/\/versme.net\/blog\/wp-json\/wp\/v2\/users\/1"}],"replies":[{"embeddable":true,"href":"https:\/\/versme.net\/blog\/wp-json\/wp\/v2\/comments?post=127"}],"version-history":[{"count":46,"href":"https:\/\/versme.net\/blog\/wp-json\/wp\/v2\/pages\/127\/revisions"}],"predecessor-version":[{"id":3575,"href":"https:\/\/versme.net\/blog\/wp-json\/wp\/v2\/pages\/127\/revisions\/3575"}],"wp:attachment":[{"href":"https:\/\/versme.net\/blog\/wp-json\/wp\/v2\/media?parent=127"}],"curies":[{"name":"wp","href":"https:\/\/api.w.org\/{rel}","templated":true}]}}